{"id":54,"date":"2024-01-09T15:17:08","date_gmt":"2024-01-09T14:17:08","guid":{"rendered":"https:\/\/24heuresdelapelle.fr\/?page_id=54"},"modified":"2024-02-03T16:19:28","modified_gmt":"2024-02-03T15:19:28","slug":"recap","status":"publish","type":"page","link":"https:\/\/24heuresdelapelle.fr\/?page_id=54","title":{"rendered":"EDITION 2023"},"content":{"rendered":"\t\t<div data-elementor-type=\"wp-page\" data-elementor-id=\"54\" class=\"elementor elementor-54\">\n\t\t\t\t<div class=\"elementor-element elementor-element-2984dd3 e-flex e-con-boxed e-con e-parent\" data-id=\"2984dd3\" data-element_type=\"container\">\n\t\t\t\t\t<div class=\"e-con-inner\">\n\t\t<div class=\"elementor-element elementor-element-8875923 e-con-full e-flex e-con e-child\" data-id=\"8875923\" data-element_type=\"container\">\n\t\t\t\t<div class=\"elementor-element elementor-element-8178f06 elementor-widget__width-initial elementor-widget elementor-widget-text-editor\" data-id=\"8178f06\" data-element_type=\"widget\" data-widget_type=\"text-editor.default\">\n\t\t\t\t<div class=\"elementor-widget-container\">\n\t\t\t\t\t\t\t\t\t<p><strong>\u200cUne premi\u00e8re \u00e9dition sans fausse note<\/strong><br \/>Ces 19 et 20 ao\u00fbt 2023, tous les ingr\u00e9dients \u00e9taient r\u00e9unis pour que la f\u00eate soit belle. Et elle le fut. Que ce soit au travers du sourire de Miss excellence Poitou-Charentes, des \u00e9chines courb\u00e9es des b\u00e9n\u00e9voles de l\u2019Heure civique ou du conseil de village et des concurrents qui se sont lanc\u00e9s dans cette folle aventure unique en son genre. \u00a0Nous avons beaucoup appris et avec beaucoup d\u2019humilit\u00e9 de cette premi\u00e8re \u00e9dition. Une fois le drapeau \u00e0 damiers baiss\u00e9, tous ont remis l\u2019ouvrage sur le m\u00e9tier afin de redonner \u00e0 ce petit port conchylicole son train-train quotidien et patrimonial. Mais surtout pour mieux le remettre en lumi\u00e8re en 2024. Les 24 heures ne se veulent absolument pas fig\u00e9es. Chaque ann\u00e9e, des nouveaut\u00e9s rentreront en piste, sans oublier cette premi\u00e8re \u00e9dition 2023, partie d\u2019une feuille qui \u00e9tait plus blanche que jamais. \u00a0<\/p>\t\t\t\t\t\t\t\t<\/div>\n\t\t\t\t<\/div>\n\t\t\t\t<\/div>\n\t\t<div class=\"elementor-element elementor-element-b517615 e-con-full e-flex e-con e-child\" data-id=\"b517615\" data-element_type=\"container\">\n\t\t\t\t<div class=\"elementor-element elementor-element-ea646ee elementor-widget__width-initial elementor-widget elementor-widget-image\" data-id=\"ea646ee\" data-element_type=\"widget\" data-widget_type=\"image.default\">\n\t\t\t\t<div class=\"elementor-widget-container\">\n\t\t\t\t\t\t\t\t\t\t\t\t\t\t\t<img fetchpriority=\"high\" decoding=\"async\" width=\"860\" height=\"846\" src=\"https:\/\/24heuresdelapelle.fr\/wp-content\/uploads\/2024\/02\/Trophee-des-24h-de-la-Pelle-2023.png\" class=\"attachment-large size-large wp-image-787\" alt=\"\" srcset=\"https:\/\/24heuresdelapelle.fr\/wp-content\/uploads\/2024\/02\/Trophee-des-24h-de-la-Pelle-2023.png 860w, https:\/\/24heuresdelapelle.fr\/wp-content\/uploads\/2024\/02\/Trophee-des-24h-de-la-Pelle-2023-300x295.png 300w, https:\/\/24heuresdelapelle.fr\/wp-content\/uploads\/2024\/02\/Trophee-des-24h-de-la-Pelle-2023-768x755.png 768w, https:\/\/24heuresdelapelle.fr\/wp-content\/uploads\/2024\/02\/Trophee-des-24h-de-la-Pelle-2023-75x75.png 75w\" sizes=\"(max-width: 860px) 100vw, 860px\" \/>\t\t\t\t\t\t\t\t\t\t\t\t\t\t\t<\/div>\n\t\t\t\t<\/div>\n\t\t\t\t<\/div>\n\t\t\t\t\t<\/div>\n\t\t\t\t<\/div>\n\t\t<div class=\"elementor-element elementor-element-0ff5091 e-flex e-con-boxed e-con e-parent\" data-id=\"0ff5091\" data-element_type=\"container\">\n\t\t\t\t\t<div class=\"e-con-inner\">\n\t\t<div class=\"elementor-element elementor-element-11df9e9 e-con-full e-flex e-con e-child\" data-id=\"11df9e9\" data-element_type=\"container\">\n\t\t\t\t<div class=\"elementor-element elementor-element-16aac1e elementor-widget__width-initial elementor-widget elementor-widget-image\" data-id=\"16aac1e\" data-element_type=\"widget\" data-widget_type=\"image.default\">\n\t\t\t\t<div class=\"elementor-widget-container\">\n\t\t\t\t\t\t\t\t\t\t\t\t\t\t\t<img decoding=\"async\" width=\"724\" height=\"1024\" src=\"https:\/\/24heuresdelapelle.fr\/wp-content\/uploads\/2024\/01\/Copie-de-Les-24H-724x1024.png\" class=\"attachment-large size-large wp-image-225\" alt=\"\" srcset=\"https:\/\/24heuresdelapelle.fr\/wp-content\/uploads\/2024\/01\/Copie-de-Les-24H-724x1024.png 724w, https:\/\/24heuresdelapelle.fr\/wp-content\/uploads\/2024\/01\/Copie-de-Les-24H-212x300.png 212w, https:\/\/24heuresdelapelle.fr\/wp-content\/uploads\/2024\/01\/Copie-de-Les-24H-768x1086.png 768w, https:\/\/24heuresdelapelle.fr\/wp-content\/uploads\/2024\/01\/Copie-de-Les-24H-1086x1536.png 1086w, https:\/\/24heuresdelapelle.fr\/wp-content\/uploads\/2024\/01\/Copie-de-Les-24H-1140x1612.png 1140w, https:\/\/24heuresdelapelle.fr\/wp-content\/uploads\/2024\/01\/Copie-de-Les-24H.png 1414w\" sizes=\"(max-width: 724px) 100vw, 724px\" \/>\t\t\t\t\t\t\t\t\t\t\t\t\t\t\t<\/div>\n\t\t\t\t<\/div>\n\t\t\t\t<\/div>\n\t\t<div class=\"elementor-element elementor-element-8f1a9a8 e-con-full e-flex e-con e-child\" data-id=\"8f1a9a8\" data-element_type=\"container\">\n\t\t\t\t<div class=\"elementor-element elementor-element-bcc3f2b gallery-spacing-custom elementor-widget__width-initial elementor-widget elementor-widget-image-gallery\" data-id=\"bcc3f2b\" data-element_type=\"widget\" data-widget_type=\"image-gallery.default\">\n\t\t\t\t<div class=\"elementor-widget-container\">\n\t\t\t\t\t\t\t<div class=\"elementor-image-gallery\">\n\t\t\t<div id='gallery-1' class='gallery galleryid-54 gallery-columns-1 gallery-size-full'><figure class='gallery-item'>\n\t\t\t<div class='gallery-icon landscape'>\n\t\t\t\t<a data-elementor-open-lightbox=\"yes\" data-elementor-lightbox-slideshow=\"bcc3f2b\" data-elementor-lightbox-title=\"DJI_0016\" data-e-action-hash=\"#elementor-action%3Aaction%3Dlightbox%26settings%3DeyJpZCI6NDgzLCJ1cmwiOiJodHRwczpcL1wvMjRoZXVyZXNkZWxhcGVsbGUuZnJcL3dwLWNvbnRlbnRcL3VwbG9hZHNcLzIwMjRcLzAxXC9ESklfMDAxNi1zY2FsZWQuanBnIiwic2xpZGVzaG93IjoiYmNjM2YyYiJ9\" href='https:\/\/24heuresdelapelle.fr\/wp-content\/uploads\/2024\/01\/DJI_0016-scaled.jpg'><img decoding=\"async\" width=\"2560\" height=\"1438\" src=\"https:\/\/24heuresdelapelle.fr\/wp-content\/uploads\/2024\/01\/DJI_0016-scaled.jpg\" class=\"attachment-full size-full\" alt=\"\" srcset=\"https:\/\/24heuresdelapelle.fr\/wp-content\/uploads\/2024\/01\/DJI_0016-scaled.jpg 2560w, https:\/\/24heuresdelapelle.fr\/wp-content\/uploads\/2024\/01\/DJI_0016-300x168.jpg 300w, https:\/\/24heuresdelapelle.fr\/wp-content\/uploads\/2024\/01\/DJI_0016-1024x575.jpg 1024w, https:\/\/24heuresdelapelle.fr\/wp-content\/uploads\/2024\/01\/DJI_0016-768x431.jpg 768w, https:\/\/24heuresdelapelle.fr\/wp-content\/uploads\/2024\/01\/DJI_0016-1536x863.jpg 1536w, https:\/\/24heuresdelapelle.fr\/wp-content\/uploads\/2024\/01\/DJI_0016-2048x1150.jpg 2048w, https:\/\/24heuresdelapelle.fr\/wp-content\/uploads\/2024\/01\/DJI_0016-1140x640.jpg 1140w\" sizes=\"(max-width: 2560px) 100vw, 2560px\" \/><\/a>\n\t\t\t<\/div><\/figure><figure class='gallery-item'>\n\t\t\t<div class='gallery-icon landscape'>\n\t\t\t\t<a data-elementor-open-lightbox=\"yes\" data-elementor-lightbox-slideshow=\"bcc3f2b\" data-elementor-lightbox-title=\"419224349_122138065616041007_5081907165196388146_n\" data-e-action-hash=\"#elementor-action%3Aaction%3Dlightbox%26settings%3DeyJpZCI6MzI1LCJ1cmwiOiJodHRwczpcL1wvMjRoZXVyZXNkZWxhcGVsbGUuZnJcL3dwLWNvbnRlbnRcL3VwbG9hZHNcLzIwMjRcLzAxXC80MTkyMjQzNDlfMTIyMTM4MDY1NjE2MDQxMDA3XzUwODE5MDcxNjUxOTYzODgxNDZfbi5qcGVnIiwic2xpZGVzaG93IjoiYmNjM2YyYiJ9\" href='https:\/\/24heuresdelapelle.fr\/wp-content\/uploads\/2024\/01\/419224349_122138065616041007_5081907165196388146_n.jpeg'><img loading=\"lazy\" decoding=\"async\" width=\"2048\" height=\"1401\" src=\"https:\/\/24heuresdelapelle.fr\/wp-content\/uploads\/2024\/01\/419224349_122138065616041007_5081907165196388146_n.jpeg\" class=\"attachment-full size-full\" alt=\"\" srcset=\"https:\/\/24heuresdelapelle.fr\/wp-content\/uploads\/2024\/01\/419224349_122138065616041007_5081907165196388146_n.jpeg 2048w, https:\/\/24heuresdelapelle.fr\/wp-content\/uploads\/2024\/01\/419224349_122138065616041007_5081907165196388146_n-300x205.jpeg 300w, https:\/\/24heuresdelapelle.fr\/wp-content\/uploads\/2024\/01\/419224349_122138065616041007_5081907165196388146_n-1024x701.jpeg 1024w, https:\/\/24heuresdelapelle.fr\/wp-content\/uploads\/2024\/01\/419224349_122138065616041007_5081907165196388146_n-768x525.jpeg 768w, https:\/\/24heuresdelapelle.fr\/wp-content\/uploads\/2024\/01\/419224349_122138065616041007_5081907165196388146_n-1536x1051.jpeg 1536w, https:\/\/24heuresdelapelle.fr\/wp-content\/uploads\/2024\/01\/419224349_122138065616041007_5081907165196388146_n-1140x780.jpeg 1140w\" sizes=\"(max-width: 2048px) 100vw, 2048px\" \/><\/a>\n\t\t\t<\/div><\/figure><figure class='gallery-item'>\n\t\t\t<div class='gallery-icon landscape'>\n\t\t\t\t<a data-elementor-open-lightbox=\"yes\" data-elementor-lightbox-slideshow=\"bcc3f2b\" data-elementor-lightbox-title=\"DSC_1410\" data-e-action-hash=\"#elementor-action%3Aaction%3Dlightbox%26settings%3DeyJpZCI6NDkxLCJ1cmwiOiJodHRwczpcL1wvMjRoZXVyZXNkZWxhcGVsbGUuZnJcL3dwLWNvbnRlbnRcL3VwbG9hZHNcLzIwMjRcLzAxXC9EU0NfMTQxMC1zY2FsZWQuanBnIiwic2xpZGVzaG93IjoiYmNjM2YyYiJ9\" href='https:\/\/24heuresdelapelle.fr\/wp-content\/uploads\/2024\/01\/DSC_1410-scaled.jpg'><img loading=\"lazy\" decoding=\"async\" width=\"2560\" height=\"1709\" src=\"https:\/\/24heuresdelapelle.fr\/wp-content\/uploads\/2024\/01\/DSC_1410-scaled.jpg\" class=\"attachment-full size-full\" alt=\"\" srcset=\"https:\/\/24heuresdelapelle.fr\/wp-content\/uploads\/2024\/01\/DSC_1410-scaled.jpg 2560w, https:\/\/24heuresdelapelle.fr\/wp-content\/uploads\/2024\/01\/DSC_1410-300x200.jpg 300w, https:\/\/24heuresdelapelle.fr\/wp-content\/uploads\/2024\/01\/DSC_1410-1024x684.jpg 1024w, https:\/\/24heuresdelapelle.fr\/wp-content\/uploads\/2024\/01\/DSC_1410-768x513.jpg 768w, https:\/\/24heuresdelapelle.fr\/wp-content\/uploads\/2024\/01\/DSC_1410-1536x1025.jpg 1536w, https:\/\/24heuresdelapelle.fr\/wp-content\/uploads\/2024\/01\/DSC_1410-2048x1367.jpg 2048w, https:\/\/24heuresdelapelle.fr\/wp-content\/uploads\/2024\/01\/DSC_1410-1140x761.jpg 1140w\" sizes=\"(max-width: 2560px) 100vw, 2560px\" \/><\/a>\n\t\t\t<\/div><\/figure>\n\t\t<\/div>\n\t\t<\/div>\n\t\t\t\t\t\t<\/div>\n\t\t\t\t<\/div>\n\t\t\t\t<\/div>\n\t\t\t\t\t<\/div>\n\t\t\t\t<\/div>\n\t\t\t\t<\/div>\n\t\t","protected":false},"excerpt":{"rendered":"<p>\u200cUne premi\u00e8re \u00e9dition sans fausse noteCes 19 et 20 ao\u00fbt 2023, tous les ingr\u00e9dients \u00e9taient r\u00e9unis pour que la f\u00eate soit belle. Et elle le fut. Que ce soit au travers du sourire de Miss excellence Poitou-Charentes, des \u00e9chines courb\u00e9es des b\u00e9n\u00e9voles de l\u2019Heure civique ou du conseil de village et des concurrents qui se sont lanc\u00e9s dans cette folle aventure unique en son genre. \u00a0Nous avons beaucoup appris et avec beaucoup d\u2019humilit\u00e9 de cette premi\u00e8re \u00e9dition. Une fois le drapeau \u00e0 damiers baiss\u00e9, tous ont remis l\u2019ouvrage sur le m\u00e9tier afin de redonner \u00e0 ce petit port conchylicole son train-train quotidien et patrimonial. Mais surtout pour mieux le remettre en lumi\u00e8re en 2024. Les 24 heures ne se veulent absolument pas fig\u00e9es. Chaque ann\u00e9e, des nouveaut\u00e9s rentreront en piste, sans oublier cette premi\u00e8re \u00e9dition 2023, partie d\u2019une feuille qui \u00e9tait plus blanche que jamais. \u00a0<\/p>\n","protected":false},"author":1,"featured_media":0,"parent":0,"menu_order":0,"comment_status":"closed","ping_status":"closed","template":"","meta":{"ub_ctt_via":"","_monsterinsights_skip_tracking":false,"_monsterinsights_sitenote_active":false,"_monsterinsights_sitenote_note":"","_monsterinsights_sitenote_category":0,"footnotes":""},"class_list":["post-54","page","type-page","status-publish","hentry"],"aioseo_notices":[],"featured_image_src":null,"yoast_head":"<!-- This site is optimized with the Yoast SEO plugin v25.5 - https:\/\/yoast.com\/wordpress\/plugins\/seo\/ -->\n<title>EDITION 2023 -<\/title>\n<meta name=\"robots\" content=\"index, follow, max-snippet:-1, max-image-preview:large, max-video-preview:-1\" \/>\n<link rel=\"canonical\" href=\"https:\/\/24heuresdelapelle.fr\/?page_id=54\" \/>\n<meta property=\"og:locale\" content=\"en_US\" \/>\n<meta property=\"og:type\" content=\"article\" \/>\n<meta property=\"og:title\" content=\"EDITION 2023 -\" \/>\n<meta property=\"og:description\" content=\"\u200cUne premi\u00e8re \u00e9dition sans fausse noteCes 19 et 20 ao\u00fbt 2023, tous les ingr\u00e9dients \u00e9taient r\u00e9unis pour que la f\u00eate soit belle. Et elle le fut. Que ce soit au travers du sourire de Miss excellence Poitou-Charentes, des \u00e9chines courb\u00e9es des b\u00e9n\u00e9voles de l\u2019Heure civique ou du conseil de village et des concurrents qui se sont lanc\u00e9s dans cette folle aventure unique en son genre. \u00a0Nous avons beaucoup appris et avec beaucoup d\u2019humilit\u00e9 de cette premi\u00e8re \u00e9dition. Une fois le drapeau \u00e0 damiers baiss\u00e9, tous ont remis l\u2019ouvrage sur le m\u00e9tier afin de redonner \u00e0 ce petit port conchylicole son train-train quotidien et patrimonial. Mais surtout pour mieux le remettre en lumi\u00e8re en 2024. Les 24 heures ne se veulent absolument pas fig\u00e9es. Chaque ann\u00e9e, des nouveaut\u00e9s rentreront en piste, sans oublier cette premi\u00e8re \u00e9dition 2023, partie d\u2019une feuille qui \u00e9tait plus blanche que jamais. \u00a0\" \/>\n<meta property=\"og:url\" content=\"https:\/\/24heuresdelapelle.fr\/?page_id=54\" \/>\n<meta property=\"article:modified_time\" content=\"2024-02-03T15:19:28+00:00\" \/>\n<meta property=\"og:image\" content=\"https:\/\/24heuresdelapelle.fr\/wp-content\/uploads\/2024\/02\/Trophee-des-24h-de-la-Pelle-2023.png\" \/>\n<meta name=\"twitter:card\" content=\"summary_large_image\" \/>\n<meta name=\"twitter:label1\" content=\"Est. reading time\" \/>\n\t<meta name=\"twitter:data1\" content=\"2 minutes\" \/>\n<script type=\"application\/ld+json\" class=\"yoast-schema-graph\">{\"@context\":\"https:\/\/schema.org\",\"@graph\":[{\"@type\":\"WebPage\",\"@id\":\"https:\/\/24heuresdelapelle.fr\/?page_id=54\",\"url\":\"https:\/\/24heuresdelapelle.fr\/?page_id=54\",\"name\":\"EDITION 2023 -\",\"isPartOf\":{\"@id\":\"https:\/\/24heuresdelapelle.fr\/#website\"},\"primaryImageOfPage\":{\"@id\":\"https:\/\/24heuresdelapelle.fr\/?page_id=54#primaryimage\"},\"image\":{\"@id\":\"https:\/\/24heuresdelapelle.fr\/?page_id=54#primaryimage\"},\"thumbnailUrl\":\"https:\/\/24heuresdelapelle.fr\/wp-content\/uploads\/2024\/02\/Trophee-des-24h-de-la-Pelle-2023.png\",\"datePublished\":\"2024-01-09T14:17:08+00:00\",\"dateModified\":\"2024-02-03T15:19:28+00:00\",\"breadcrumb\":{\"@id\":\"https:\/\/24heuresdelapelle.fr\/?page_id=54#breadcrumb\"},\"inLanguage\":\"en-US\",\"potentialAction\":[{\"@type\":\"ReadAction\",\"target\":[\"https:\/\/24heuresdelapelle.fr\/?page_id=54\"]}]},{\"@type\":\"ImageObject\",\"inLanguage\":\"en-US\",\"@id\":\"https:\/\/24heuresdelapelle.fr\/?page_id=54#primaryimage\",\"url\":\"https:\/\/24heuresdelapelle.fr\/wp-content\/uploads\/2024\/02\/Trophee-des-24h-de-la-Pelle-2023.png\",\"contentUrl\":\"https:\/\/24heuresdelapelle.fr\/wp-content\/uploads\/2024\/02\/Trophee-des-24h-de-la-Pelle-2023.png\",\"width\":860,\"height\":846},{\"@type\":\"BreadcrumbList\",\"@id\":\"https:\/\/24heuresdelapelle.fr\/?page_id=54#breadcrumb\",\"itemListElement\":[{\"@type\":\"ListItem\",\"position\":1,\"name\":\"Accueil\",\"item\":\"https:\/\/24heuresdelapelle.fr\/\"},{\"@type\":\"ListItem\",\"position\":2,\"name\":\"EDITION 2023\"}]},{\"@type\":\"WebSite\",\"@id\":\"https:\/\/24heuresdelapelle.fr\/#website\",\"url\":\"https:\/\/24heuresdelapelle.fr\/\",\"name\":\"\",\"description\":\"\",\"potentialAction\":[{\"@type\":\"SearchAction\",\"target\":{\"@type\":\"EntryPoint\",\"urlTemplate\":\"https:\/\/24heuresdelapelle.fr\/?s={search_term_string}\"},\"query-input\":{\"@type\":\"PropertyValueSpecification\",\"valueRequired\":true,\"valueName\":\"search_term_string\"}}],\"inLanguage\":\"en-US\"}]}<\/script>\n<!-- \/ Yoast SEO plugin. -->","yoast_head_json":{"title":"EDITION 2023 -","robots":{"index":"index","follow":"follow","max-snippet":"max-snippet:-1","max-image-preview":"max-image-preview:large","max-video-preview":"max-video-preview:-1"},"canonical":"https:\/\/24heuresdelapelle.fr\/?page_id=54","og_locale":"en_US","og_type":"article","og_title":"EDITION 2023 -","og_description":"\u200cUne premi\u00e8re \u00e9dition sans fausse noteCes 19 et 20 ao\u00fbt 2023, tous les ingr\u00e9dients \u00e9taient r\u00e9unis pour que la f\u00eate soit belle. Et elle le fut. Que ce soit au travers du sourire de Miss excellence Poitou-Charentes, des \u00e9chines courb\u00e9es des b\u00e9n\u00e9voles de l\u2019Heure civique ou du conseil de village et des concurrents qui se sont lanc\u00e9s dans cette folle aventure unique en son genre. \u00a0Nous avons beaucoup appris et avec beaucoup d\u2019humilit\u00e9 de cette premi\u00e8re \u00e9dition. Une fois le drapeau \u00e0 damiers baiss\u00e9, tous ont remis l\u2019ouvrage sur le m\u00e9tier afin de redonner \u00e0 ce petit port conchylicole son train-train quotidien et patrimonial. Mais surtout pour mieux le remettre en lumi\u00e8re en 2024. Les 24 heures ne se veulent absolument pas fig\u00e9es. Chaque ann\u00e9e, des nouveaut\u00e9s rentreront en piste, sans oublier cette premi\u00e8re \u00e9dition 2023, partie d\u2019une feuille qui \u00e9tait plus blanche que jamais. \u00a0","og_url":"https:\/\/24heuresdelapelle.fr\/?page_id=54","article_modified_time":"2024-02-03T15:19:28+00:00","og_image":[{"url":"https:\/\/24heuresdelapelle.fr\/wp-content\/uploads\/2024\/02\/Trophee-des-24h-de-la-Pelle-2023.png","type":"","width":"","height":""}],"twitter_card":"summary_large_image","twitter_misc":{"Est. reading time":"2 minutes"},"schema":{"@context":"https:\/\/schema.org","@graph":[{"@type":"WebPage","@id":"https:\/\/24heuresdelapelle.fr\/?page_id=54","url":"https:\/\/24heuresdelapelle.fr\/?page_id=54","name":"EDITION 2023 -","isPartOf":{"@id":"https:\/\/24heuresdelapelle.fr\/#website"},"primaryImageOfPage":{"@id":"https:\/\/24heuresdelapelle.fr\/?page_id=54#primaryimage"},"image":{"@id":"https:\/\/24heuresdelapelle.fr\/?page_id=54#primaryimage"},"thumbnailUrl":"https:\/\/24heuresdelapelle.fr\/wp-content\/uploads\/2024\/02\/Trophee-des-24h-de-la-Pelle-2023.png","datePublished":"2024-01-09T14:17:08+00:00","dateModified":"2024-02-03T15:19:28+00:00","breadcrumb":{"@id":"https:\/\/24heuresdelapelle.fr\/?page_id=54#breadcrumb"},"inLanguage":"en-US","potentialAction":[{"@type":"ReadAction","target":["https:\/\/24heuresdelapelle.fr\/?page_id=54"]}]},{"@type":"ImageObject","inLanguage":"en-US","@id":"https:\/\/24heuresdelapelle.fr\/?page_id=54#primaryimage","url":"https:\/\/24heuresdelapelle.fr\/wp-content\/uploads\/2024\/02\/Trophee-des-24h-de-la-Pelle-2023.png","contentUrl":"https:\/\/24heuresdelapelle.fr\/wp-content\/uploads\/2024\/02\/Trophee-des-24h-de-la-Pelle-2023.png","width":860,"height":846},{"@type":"BreadcrumbList","@id":"https:\/\/24heuresdelapelle.fr\/?page_id=54#breadcrumb","itemListElement":[{"@type":"ListItem","position":1,"name":"Accueil","item":"https:\/\/24heuresdelapelle.fr\/"},{"@type":"ListItem","position":2,"name":"EDITION 2023"}]},{"@type":"WebSite","@id":"https:\/\/24heuresdelapelle.fr\/#website","url":"https:\/\/24heuresdelapelle.fr\/","name":"","description":"","potentialAction":[{"@type":"SearchAction","target":{"@type":"EntryPoint","urlTemplate":"https:\/\/24heuresdelapelle.fr\/?s={search_term_string}"},"query-input":{"@type":"PropertyValueSpecification","valueRequired":true,"valueName":"search_term_string"}}],"inLanguage":"en-US"}]}},"jetpack_sharing_enabled":true,"_links":{"self":[{"href":"https:\/\/24heuresdelapelle.fr\/index.php?rest_route=\/wp\/v2\/pages\/54","targetHints":{"allow":["GET"]}}],"collection":[{"href":"https:\/\/24heuresdelapelle.fr\/index.php?rest_route=\/wp\/v2\/pages"}],"about":[{"href":"https:\/\/24heuresdelapelle.fr\/index.php?rest_route=\/wp\/v2\/types\/page"}],"author":[{"embeddable":true,"href":"https:\/\/24heuresdelapelle.fr\/index.php?rest_route=\/wp\/v2\/users\/1"}],"replies":[{"embeddable":true,"href":"https:\/\/24heuresdelapelle.fr\/index.php?rest_route=%2Fwp%2Fv2%2Fcomments&post=54"}],"version-history":[{"count":21,"href":"https:\/\/24heuresdelapelle.fr\/index.php?rest_route=\/wp\/v2\/pages\/54\/revisions"}],"predecessor-version":[{"id":797,"href":"https:\/\/24heuresdelapelle.fr\/index.php?rest_route=\/wp\/v2\/pages\/54\/revisions\/797"}],"wp:attachment":[{"href":"https:\/\/24heuresdelapelle.fr\/index.php?rest_route=%2Fwp%2Fv2%2Fmedia&parent=54"}],"curies":[{"name":"wp","href":"https:\/\/api.w.org\/{rel}","templated":true}]}}