{"id":516,"date":"2024-01-31T17:29:54","date_gmt":"2024-01-31T16:29:54","guid":{"rendered":"https:\/\/24heuresdelapelle.fr\/?page_id=516"},"modified":"2025-01-25T12:36:56","modified_gmt":"2025-01-25T11:36:56","slug":"elementor-516","status":"publish","type":"page","link":"https:\/\/24heuresdelapelle.fr\/?page_id=516","title":{"rendered":"LES MYST\u00c8RES DE LA PELLE"},"content":{"rendered":"\t\t<div data-elementor-type=\"wp-page\" data-elementor-id=\"516\" class=\"elementor elementor-516\">\n\t\t\t\t<div class=\"elementor-element elementor-element-13e4eaf e-flex e-con-boxed e-con e-parent\" data-id=\"13e4eaf\" data-element_type=\"container\">\n\t\t\t\t\t<div class=\"e-con-inner\">\n\t\t\t\t<div class=\"elementor-element elementor-element-e9aa1c9 elementor-align-center elementor-widget elementor-widget-button\" data-id=\"e9aa1c9\" data-element_type=\"widget\" data-widget_type=\"button.default\">\n\t\t\t\t<div class=\"elementor-widget-container\">\n\t\t\t\t\t\t\t\t\t<div class=\"elementor-button-wrapper\">\n\t\t\t\t\t<a class=\"elementor-button elementor-button-link elementor-size-sm\" href=\"https:\/\/24heuresdelapelle.fr\/wp-content\/uploads\/2025\/01\/BULLETIN-DINSCRIPTION-V2.pdf\">\n\t\t\t\t\t\t<span class=\"elementor-button-content-wrapper\">\n\t\t\t\t\t\t\t\t\t<span class=\"elementor-button-text\">Pour s'inscrire, c'est par ici<\/span>\n\t\t\t\t\t<\/span>\n\t\t\t\t\t<\/a>\n\t\t\t\t<\/div>\n\t\t\t\t\t\t\t\t<\/div>\n\t\t\t\t<\/div>\n\t\t\t\t\t<\/div>\n\t\t\t\t<\/div>\n\t\t<div class=\"elementor-element elementor-element-460eb5e e-flex e-con-boxed e-con e-parent\" data-id=\"460eb5e\" data-element_type=\"container\">\n\t\t\t\t\t<div class=\"e-con-inner\">\n\t\t<div class=\"elementor-element elementor-element-e95a9ee e-con-full e-flex e-con e-child\" data-id=\"e95a9ee\" data-element_type=\"container\">\n\t\t\t\t<div class=\"elementor-element elementor-element-94565fb elementor-widget__width-initial elementor-widget elementor-widget-image\" data-id=\"94565fb\" data-element_type=\"widget\" data-widget_type=\"image.default\">\n\t\t\t\t<div class=\"elementor-widget-container\">\n\t\t\t\t\t\t\t\t\t\t\t\t\t\t\t<img fetchpriority=\"high\" decoding=\"async\" width=\"724\" height=\"1024\" src=\"https:\/\/24heuresdelapelle.fr\/wp-content\/uploads\/2025\/01\/AFFICHE-MYSTERES-2-FINAL-724x1024.jpg\" class=\"attachment-large size-large wp-image-2494\" alt=\"\" srcset=\"https:\/\/24heuresdelapelle.fr\/wp-content\/uploads\/2025\/01\/AFFICHE-MYSTERES-2-FINAL-724x1024.jpg 724w, https:\/\/24heuresdelapelle.fr\/wp-content\/uploads\/2025\/01\/AFFICHE-MYSTERES-2-FINAL-212x300.jpg 212w, https:\/\/24heuresdelapelle.fr\/wp-content\/uploads\/2025\/01\/AFFICHE-MYSTERES-2-FINAL-768x1086.jpg 768w, https:\/\/24heuresdelapelle.fr\/wp-content\/uploads\/2025\/01\/AFFICHE-MYSTERES-2-FINAL-1086x1536.jpg 1086w, https:\/\/24heuresdelapelle.fr\/wp-content\/uploads\/2025\/01\/AFFICHE-MYSTERES-2-FINAL-1448x2048.jpg 1448w, https:\/\/24heuresdelapelle.fr\/wp-content\/uploads\/2025\/01\/AFFICHE-MYSTERES-2-FINAL-1140x1613.jpg 1140w, https:\/\/24heuresdelapelle.fr\/wp-content\/uploads\/2025\/01\/AFFICHE-MYSTERES-2-FINAL.jpg 1587w\" sizes=\"(max-width: 724px) 100vw, 724px\" \/>\t\t\t\t\t\t\t\t\t\t\t\t\t\t\t<\/div>\n\t\t\t\t<\/div>\n\t\t\t\t<\/div>\n\t\t<div class=\"elementor-element elementor-element-a1bae61 e-con-full e-flex e-con e-child\" data-id=\"a1bae61\" data-element_type=\"container\">\n\t\t\t\t<div class=\"elementor-element elementor-element-7ce1f0d elementor-widget__width-initial elementor-widget elementor-widget-text-editor\" data-id=\"7ce1f0d\" data-element_type=\"widget\" data-widget_type=\"text-editor.default\">\n\t\t\t\t<div class=\"elementor-widget-container\">\n\t\t\t\t\t\t\t\t\t<div class=\"x11i5rnm xat24cr x1mh8g0r x1vvkbs xtlvy1s x126k92a\"><div dir=\"auto\"><strong>C\u2019<\/strong><b>est officiel, l\u2019association des 24 heures ouvre ce lundi 20 janvier les inscriptions pour la seconde saison de son rallye \u00e0 \u00e9nigmes, \u00ab Les myst\u00e8res de la Pelle \u00bb qui se d\u00e9roulera le 18 mai prochain.<\/b>\u00a0<\/div><div dir=\"auto\">\u00a0<\/div><div dir=\"auto\">L\u2019histoire pourrait se r\u00e9sumer ainsi selon notre sc\u00e9nariste Claudy Texeron, \u00ab suite \u00e0 son brillant succ\u00e8s rencontr\u00e9 en 2024 dans la r\u00e9solution en partie de ce cold case des Myst\u00e8res de la Pelle, le commissaire Jules Maigret a eu une promotion. Il a \u00e9t\u00e9 mut\u00e9 au prestigieux 36 Quai des Orf\u00e8vres.<\/div><div dir=\"auto\">Mais un an apr\u00e8s avoir identifi\u00e9 le corps de Patrick Walton qui flottait dans le port du port du Plomb, il reste \u00e0 identifier l\u2019auteur de cet homicide. Nous avons bien sollicit\u00e9 les militaires de la brigade de gendarmerie de Nieul-sur-Mer. Mais ceux-ci sont d\u00e9bord\u00e9s.\u00a0<\/div><div dir=\"auto\">Par contre nous avons appris que les hommes de la brigade de Saint-Trop-Pelle seraient en vacances sur l\u2019\u00eele de R\u00e9 en mai prochain. Nous avons donc d\u00e9cid\u00e9 de faire appel \u00e0 eux et \u00e0 leur sagacit\u00e9 l\u00e9gendaire pour vous aider \u00e0 boucler cette sombre affaire.\u00a0<\/div><div dir=\"auto\">Certains sont d\u00e9j\u00e0 sur place en pr\u00e9curseurs histoire de s\u2019impr\u00e9gner du terrain.<\/div><div dir=\"auto\">\u00a0<\/div><\/div><div class=\"x11i5rnm xat24cr x1mh8g0r x1vvkbs xtlvy1s x126k92a\"><div dir=\"auto\"><b>Attention compte tenu de la renomm\u00e9e de ces fins limiers, n\u2019attendez pas pour vous inscrire. Le nombre d\u2019\u00e9quipages est limit\u00e9.<\/b><\/div><\/div>\t\t\t\t\t\t\t\t<\/div>\n\t\t\t\t<\/div>\n\t\t\t\t<\/div>\n\t\t\t\t\t<\/div>\n\t\t\t\t<\/div>\n\t\t\t\t<\/div>\n\t\t","protected":false},"excerpt":{"rendered":"<p>Pour s&#8217;inscrire, c&#8217;est par ici C\u2019est officiel, l\u2019association des 24 heures ouvre ce lundi 20 janvier les inscriptions pour la seconde saison de son rallye \u00e0 \u00e9nigmes, \u00ab Les myst\u00e8res de la Pelle \u00bb qui se d\u00e9roulera le 18 mai prochain.\u00a0\u00a0L\u2019histoire pourrait se r\u00e9sumer ainsi selon notre sc\u00e9nariste Claudy Texeron, \u00ab suite \u00e0 son brillant succ\u00e8s rencontr\u00e9 en 2024 dans la r\u00e9solution en partie de ce cold case des Myst\u00e8res de la Pelle, le commissaire Jules Maigret a eu une promotion. Il a \u00e9t\u00e9 mut\u00e9 au prestigieux 36 Quai des Orf\u00e8vres.Mais un an apr\u00e8s avoir identifi\u00e9 le corps de Patrick Walton qui flottait dans le port du port du Plomb, il reste \u00e0 identifier l\u2019auteur de cet homicide. Nous avons bien sollicit\u00e9 les militaires de la brigade de gendarmerie de Nieul-sur-Mer. Mais ceux-ci sont d\u00e9bord\u00e9s.\u00a0Par contre nous avons appris que les hommes de la brigade de Saint-Trop-Pelle seraient en vacances sur l\u2019\u00eele de R\u00e9 en mai prochain. Nous avons donc d\u00e9cid\u00e9 de faire appel \u00e0 eux et \u00e0 leur sagacit\u00e9 l\u00e9gendaire pour vous aider \u00e0 boucler cette sombre affaire.\u00a0Certains sont d\u00e9j\u00e0 sur place en pr\u00e9curseurs histoire de s\u2019impr\u00e9gner du terrain.\u00a0Attention compte tenu de la renomm\u00e9e de ces fins limiers, n\u2019attendez pas pour vous inscrire. Le nombre d\u2019\u00e9quipages est limit\u00e9.<\/p>\n","protected":false},"author":1,"featured_media":0,"parent":0,"menu_order":0,"comment_status":"closed","ping_status":"closed","template":"","meta":{"ub_ctt_via":"","_monsterinsights_skip_tracking":false,"_monsterinsights_sitenote_active":false,"_monsterinsights_sitenote_note":"","_monsterinsights_sitenote_category":0,"footnotes":""},"class_list":["post-516","page","type-page","status-publish","hentry"],"aioseo_notices":[],"featured_image_src":null,"yoast_head":"<!-- This site is optimized with the Yoast SEO plugin v25.5 - https:\/\/yoast.com\/wordpress\/plugins\/seo\/ -->\n<title>LES MYST\u00c8RES DE LA PELLE -<\/title>\n<meta name=\"robots\" content=\"index, follow, max-snippet:-1, max-image-preview:large, max-video-preview:-1\" \/>\n<link rel=\"canonical\" href=\"https:\/\/24heuresdelapelle.fr\/?page_id=516\" \/>\n<meta property=\"og:locale\" content=\"en_US\" \/>\n<meta property=\"og:type\" content=\"article\" \/>\n<meta property=\"og:title\" content=\"LES MYST\u00c8RES DE LA PELLE -\" \/>\n<meta property=\"og:description\" content=\"Pour s&#8217;inscrire, c&#8217;est par ici C\u2019est officiel, l\u2019association des 24 heures ouvre ce lundi 20 janvier les inscriptions pour la seconde saison de son rallye \u00e0 \u00e9nigmes, \u00ab Les myst\u00e8res de la Pelle \u00bb qui se d\u00e9roulera le 18 mai prochain.\u00a0\u00a0L\u2019histoire pourrait se r\u00e9sumer ainsi selon notre sc\u00e9nariste Claudy Texeron, \u00ab suite \u00e0 son brillant succ\u00e8s rencontr\u00e9 en 2024 dans la r\u00e9solution en partie de ce cold case des Myst\u00e8res de la Pelle, le commissaire Jules Maigret a eu une promotion. Il a \u00e9t\u00e9 mut\u00e9 au prestigieux 36 Quai des Orf\u00e8vres.Mais un an apr\u00e8s avoir identifi\u00e9 le corps de Patrick Walton qui flottait dans le port du port du Plomb, il reste \u00e0 identifier l\u2019auteur de cet homicide. Nous avons bien sollicit\u00e9 les militaires de la brigade de gendarmerie de Nieul-sur-Mer. Mais ceux-ci sont d\u00e9bord\u00e9s.\u00a0Par contre nous avons appris que les hommes de la brigade de Saint-Trop-Pelle seraient en vacances sur l\u2019\u00eele de R\u00e9 en mai prochain. Nous avons donc d\u00e9cid\u00e9 de faire appel \u00e0 eux et \u00e0 leur sagacit\u00e9 l\u00e9gendaire pour vous aider \u00e0 boucler cette sombre affaire.\u00a0Certains sont d\u00e9j\u00e0 sur place en pr\u00e9curseurs histoire de s\u2019impr\u00e9gner du terrain.\u00a0Attention compte tenu de la renomm\u00e9e de ces fins limiers, n\u2019attendez pas pour vous inscrire. Le nombre d\u2019\u00e9quipages est limit\u00e9.\" \/>\n<meta property=\"og:url\" content=\"https:\/\/24heuresdelapelle.fr\/?page_id=516\" \/>\n<meta property=\"article:modified_time\" content=\"2025-01-25T11:36:56+00:00\" \/>\n<meta property=\"og:image\" content=\"https:\/\/24heuresdelapelle.fr\/wp-content\/uploads\/2025\/01\/AFFICHE-MYSTERES-2-FINAL.jpg\" \/>\n\t<meta property=\"og:image:width\" content=\"1587\" \/>\n\t<meta property=\"og:image:height\" content=\"2245\" \/>\n\t<meta property=\"og:image:type\" content=\"image\/jpeg\" \/>\n<meta name=\"twitter:card\" content=\"summary_large_image\" \/>\n<meta name=\"twitter:label1\" content=\"Est. reading time\" \/>\n\t<meta name=\"twitter:data1\" content=\"2 minutes\" \/>\n<script type=\"application\/ld+json\" class=\"yoast-schema-graph\">{\"@context\":\"https:\/\/schema.org\",\"@graph\":[{\"@type\":\"WebPage\",\"@id\":\"https:\/\/24heuresdelapelle.fr\/?page_id=516\",\"url\":\"https:\/\/24heuresdelapelle.fr\/?page_id=516\",\"name\":\"LES MYST\u00c8RES DE LA PELLE -\",\"isPartOf\":{\"@id\":\"https:\/\/24heuresdelapelle.fr\/#website\"},\"primaryImageOfPage\":{\"@id\":\"https:\/\/24heuresdelapelle.fr\/?page_id=516#primaryimage\"},\"image\":{\"@id\":\"https:\/\/24heuresdelapelle.fr\/?page_id=516#primaryimage\"},\"thumbnailUrl\":\"https:\/\/24heuresdelapelle.fr\/wp-content\/uploads\/2025\/01\/AFFICHE-MYSTERES-2-FINAL-724x1024.jpg\",\"datePublished\":\"2024-01-31T16:29:54+00:00\",\"dateModified\":\"2025-01-25T11:36:56+00:00\",\"breadcrumb\":{\"@id\":\"https:\/\/24heuresdelapelle.fr\/?page_id=516#breadcrumb\"},\"inLanguage\":\"en-US\",\"potentialAction\":[{\"@type\":\"ReadAction\",\"target\":[\"https:\/\/24heuresdelapelle.fr\/?page_id=516\"]}]},{\"@type\":\"ImageObject\",\"inLanguage\":\"en-US\",\"@id\":\"https:\/\/24heuresdelapelle.fr\/?page_id=516#primaryimage\",\"url\":\"https:\/\/24heuresdelapelle.fr\/wp-content\/uploads\/2025\/01\/AFFICHE-MYSTERES-2-FINAL.jpg\",\"contentUrl\":\"https:\/\/24heuresdelapelle.fr\/wp-content\/uploads\/2025\/01\/AFFICHE-MYSTERES-2-FINAL.jpg\",\"width\":1587,\"height\":2245},{\"@type\":\"BreadcrumbList\",\"@id\":\"https:\/\/24heuresdelapelle.fr\/?page_id=516#breadcrumb\",\"itemListElement\":[{\"@type\":\"ListItem\",\"position\":1,\"name\":\"Accueil\",\"item\":\"https:\/\/24heuresdelapelle.fr\/\"},{\"@type\":\"ListItem\",\"position\":2,\"name\":\"LES MYST\u00c8RES DE LA PELLE\"}]},{\"@type\":\"WebSite\",\"@id\":\"https:\/\/24heuresdelapelle.fr\/#website\",\"url\":\"https:\/\/24heuresdelapelle.fr\/\",\"name\":\"\",\"description\":\"\",\"potentialAction\":[{\"@type\":\"SearchAction\",\"target\":{\"@type\":\"EntryPoint\",\"urlTemplate\":\"https:\/\/24heuresdelapelle.fr\/?s={search_term_string}\"},\"query-input\":{\"@type\":\"PropertyValueSpecification\",\"valueRequired\":true,\"valueName\":\"search_term_string\"}}],\"inLanguage\":\"en-US\"}]}<\/script>\n<!-- \/ Yoast SEO plugin. -->","yoast_head_json":{"title":"LES MYST\u00c8RES DE LA PELLE -","robots":{"index":"index","follow":"follow","max-snippet":"max-snippet:-1","max-image-preview":"max-image-preview:large","max-video-preview":"max-video-preview:-1"},"canonical":"https:\/\/24heuresdelapelle.fr\/?page_id=516","og_locale":"en_US","og_type":"article","og_title":"LES MYST\u00c8RES DE LA PELLE -","og_description":"Pour s&#8217;inscrire, c&#8217;est par ici C\u2019est officiel, l\u2019association des 24 heures ouvre ce lundi 20 janvier les inscriptions pour la seconde saison de son rallye \u00e0 \u00e9nigmes, \u00ab Les myst\u00e8res de la Pelle \u00bb qui se d\u00e9roulera le 18 mai prochain.\u00a0\u00a0L\u2019histoire pourrait se r\u00e9sumer ainsi selon notre sc\u00e9nariste Claudy Texeron, \u00ab suite \u00e0 son brillant succ\u00e8s rencontr\u00e9 en 2024 dans la r\u00e9solution en partie de ce cold case des Myst\u00e8res de la Pelle, le commissaire Jules Maigret a eu une promotion. Il a \u00e9t\u00e9 mut\u00e9 au prestigieux 36 Quai des Orf\u00e8vres.Mais un an apr\u00e8s avoir identifi\u00e9 le corps de Patrick Walton qui flottait dans le port du port du Plomb, il reste \u00e0 identifier l\u2019auteur de cet homicide. Nous avons bien sollicit\u00e9 les militaires de la brigade de gendarmerie de Nieul-sur-Mer. Mais ceux-ci sont d\u00e9bord\u00e9s.\u00a0Par contre nous avons appris que les hommes de la brigade de Saint-Trop-Pelle seraient en vacances sur l\u2019\u00eele de R\u00e9 en mai prochain. Nous avons donc d\u00e9cid\u00e9 de faire appel \u00e0 eux et \u00e0 leur sagacit\u00e9 l\u00e9gendaire pour vous aider \u00e0 boucler cette sombre affaire.\u00a0Certains sont d\u00e9j\u00e0 sur place en pr\u00e9curseurs histoire de s\u2019impr\u00e9gner du terrain.\u00a0Attention compte tenu de la renomm\u00e9e de ces fins limiers, n\u2019attendez pas pour vous inscrire. Le nombre d\u2019\u00e9quipages est limit\u00e9.","og_url":"https:\/\/24heuresdelapelle.fr\/?page_id=516","article_modified_time":"2025-01-25T11:36:56+00:00","og_image":[{"width":1587,"height":2245,"url":"https:\/\/24heuresdelapelle.fr\/wp-content\/uploads\/2025\/01\/AFFICHE-MYSTERES-2-FINAL.jpg","type":"image\/jpeg"}],"twitter_card":"summary_large_image","twitter_misc":{"Est. reading time":"2 minutes"},"schema":{"@context":"https:\/\/schema.org","@graph":[{"@type":"WebPage","@id":"https:\/\/24heuresdelapelle.fr\/?page_id=516","url":"https:\/\/24heuresdelapelle.fr\/?page_id=516","name":"LES MYST\u00c8RES DE LA PELLE -","isPartOf":{"@id":"https:\/\/24heuresdelapelle.fr\/#website"},"primaryImageOfPage":{"@id":"https:\/\/24heuresdelapelle.fr\/?page_id=516#primaryimage"},"image":{"@id":"https:\/\/24heuresdelapelle.fr\/?page_id=516#primaryimage"},"thumbnailUrl":"https:\/\/24heuresdelapelle.fr\/wp-content\/uploads\/2025\/01\/AFFICHE-MYSTERES-2-FINAL-724x1024.jpg","datePublished":"2024-01-31T16:29:54+00:00","dateModified":"2025-01-25T11:36:56+00:00","breadcrumb":{"@id":"https:\/\/24heuresdelapelle.fr\/?page_id=516#breadcrumb"},"inLanguage":"en-US","potentialAction":[{"@type":"ReadAction","target":["https:\/\/24heuresdelapelle.fr\/?page_id=516"]}]},{"@type":"ImageObject","inLanguage":"en-US","@id":"https:\/\/24heuresdelapelle.fr\/?page_id=516#primaryimage","url":"https:\/\/24heuresdelapelle.fr\/wp-content\/uploads\/2025\/01\/AFFICHE-MYSTERES-2-FINAL.jpg","contentUrl":"https:\/\/24heuresdelapelle.fr\/wp-content\/uploads\/2025\/01\/AFFICHE-MYSTERES-2-FINAL.jpg","width":1587,"height":2245},{"@type":"BreadcrumbList","@id":"https:\/\/24heuresdelapelle.fr\/?page_id=516#breadcrumb","itemListElement":[{"@type":"ListItem","position":1,"name":"Accueil","item":"https:\/\/24heuresdelapelle.fr\/"},{"@type":"ListItem","position":2,"name":"LES MYST\u00c8RES DE LA PELLE"}]},{"@type":"WebSite","@id":"https:\/\/24heuresdelapelle.fr\/#website","url":"https:\/\/24heuresdelapelle.fr\/","name":"","description":"","potentialAction":[{"@type":"SearchAction","target":{"@type":"EntryPoint","urlTemplate":"https:\/\/24heuresdelapelle.fr\/?s={search_term_string}"},"query-input":{"@type":"PropertyValueSpecification","valueRequired":true,"valueName":"search_term_string"}}],"inLanguage":"en-US"}]}},"jetpack_sharing_enabled":true,"_links":{"self":[{"href":"https:\/\/24heuresdelapelle.fr\/index.php?rest_route=\/wp\/v2\/pages\/516","targetHints":{"allow":["GET"]}}],"collection":[{"href":"https:\/\/24heuresdelapelle.fr\/index.php?rest_route=\/wp\/v2\/pages"}],"about":[{"href":"https:\/\/24heuresdelapelle.fr\/index.php?rest_route=\/wp\/v2\/types\/page"}],"author":[{"embeddable":true,"href":"https:\/\/24heuresdelapelle.fr\/index.php?rest_route=\/wp\/v2\/users\/1"}],"replies":[{"embeddable":true,"href":"https:\/\/24heuresdelapelle.fr\/index.php?rest_route=%2Fwp%2Fv2%2Fcomments&post=516"}],"version-history":[{"count":63,"href":"https:\/\/24heuresdelapelle.fr\/index.php?rest_route=\/wp\/v2\/pages\/516\/revisions"}],"predecessor-version":[{"id":2570,"href":"https:\/\/24heuresdelapelle.fr\/index.php?rest_route=\/wp\/v2\/pages\/516\/revisions\/2570"}],"wp:attachment":[{"href":"https:\/\/24heuresdelapelle.fr\/index.php?rest_route=%2Fwp%2Fv2%2Fmedia&parent=516"}],"curies":[{"name":"wp","href":"https:\/\/api.w.org\/{rel}","templated":true}]}}