{"id":2821,"date":"2026-04-15T17:03:05","date_gmt":"2026-04-15T15:03:05","guid":{"rendered":"https:\/\/24heuresdelapelle.fr\/?page_id=2821"},"modified":"2026-04-15T19:41:59","modified_gmt":"2026-04-15T17:41:59","slug":"galerie-2025","status":"publish","type":"page","link":"https:\/\/24heuresdelapelle.fr\/?page_id=2821","title":{"rendered":"GALERIE 2025"},"content":{"rendered":"\t\t<div data-elementor-type=\"wp-page\" data-elementor-id=\"2821\" class=\"elementor elementor-2821\">\n\t\t\t\t<div class=\"elementor-element elementor-element-c162ecc e-flex e-con-boxed e-con e-parent\" data-id=\"c162ecc\" data-element_type=\"container\">\n\t\t\t\t\t<div class=\"e-con-inner\">\n\t\t<div class=\"elementor-element elementor-element-69b63c1 e-con-full e-flex e-con e-child\" data-id=\"69b63c1\" data-element_type=\"container\">\n\t\t\t\t<div class=\"elementor-element elementor-element-80cd642 elementor-align-center elementor-widget elementor-widget-button\" data-id=\"80cd642\" data-element_type=\"widget\" data-widget_type=\"button.default\">\n\t\t\t\t<div class=\"elementor-widget-container\">\n\t\t\t\t\t\t\t\t\t<div class=\"elementor-button-wrapper\">\n\t\t\t\t\t<a class=\"elementor-button elementor-button-link elementor-size-sm\" href=\"https:\/\/24heuresdelapelle.fr\/?page_id=2841\">\n\t\t\t\t\t\t<span class=\"elementor-button-content-wrapper\">\n\t\t\t\t\t\t\t\t\t<span class=\"elementor-button-text\">Photos Myst\u00e8res de la Pelle 2025<\/span>\n\t\t\t\t\t<\/span>\n\t\t\t\t\t<\/a>\n\t\t\t\t<\/div>\n\t\t\t\t\t\t\t\t<\/div>\n\t\t\t\t<\/div>\n\t\t\t\t<div class=\"elementor-element elementor-element-89ee9f8 elementor-align-center elementor-widget elementor-widget-button\" data-id=\"89ee9f8\" data-element_type=\"widget\" data-widget_type=\"button.default\">\n\t\t\t\t<div class=\"elementor-widget-container\">\n\t\t\t\t\t\t\t\t\t<div class=\"elementor-button-wrapper\">\n\t\t\t\t\t<a class=\"elementor-button elementor-button-link elementor-size-sm\" href=\"#\">\n\t\t\t\t\t\t<span class=\"elementor-button-content-wrapper\">\n\t\t\t\t\t\t\t\t\t<span class=\"elementor-button-text\">Photos \u00e0 venir<\/span>\n\t\t\t\t\t<\/span>\n\t\t\t\t\t<\/a>\n\t\t\t\t<\/div>\n\t\t\t\t\t\t\t\t<\/div>\n\t\t\t\t<\/div>\n\t\t\t\t<\/div>\n\t\t<div class=\"elementor-element elementor-element-be1b2b2 e-con-full e-flex e-con e-child\" data-id=\"be1b2b2\" data-element_type=\"container\">\n\t\t\t\t<div class=\"elementor-element elementor-element-4d34a62 elementor-align-center elementor-widget elementor-widget-button\" data-id=\"4d34a62\" data-element_type=\"widget\" data-widget_type=\"button.default\">\n\t\t\t\t<div class=\"elementor-widget-container\">\n\t\t\t\t\t\t\t\t\t<div class=\"elementor-button-wrapper\">\n\t\t\t\t\t<a class=\"elementor-button elementor-button-link elementor-size-sm\" href=\"#\">\n\t\t\t\t\t\t<span class=\"elementor-button-content-wrapper\">\n\t\t\t\t\t\t\t\t\t<span class=\"elementor-button-text\">Photos \u00e0 venir<\/span>\n\t\t\t\t\t<\/span>\n\t\t\t\t\t<\/a>\n\t\t\t\t<\/div>\n\t\t\t\t\t\t\t\t<\/div>\n\t\t\t\t<\/div>\n\t\t\t\t<div class=\"elementor-element elementor-element-e59568c elementor-align-center elementor-widget elementor-widget-button\" data-id=\"e59568c\" data-element_type=\"widget\" data-widget_type=\"button.default\">\n\t\t\t\t<div class=\"elementor-widget-container\">\n\t\t\t\t\t\t\t\t\t<div class=\"elementor-button-wrapper\">\n\t\t\t\t\t<a class=\"elementor-button elementor-button-link elementor-size-sm\" href=\"#\">\n\t\t\t\t\t\t<span class=\"elementor-button-content-wrapper\">\n\t\t\t\t\t\t\t\t\t<span class=\"elementor-button-text\">Photos \u00e0 venir<\/span>\n\t\t\t\t\t<\/span>\n\t\t\t\t\t<\/a>\n\t\t\t\t<\/div>\n\t\t\t\t\t\t\t\t<\/div>\n\t\t\t\t<\/div>\n\t\t\t\t<\/div>\n\t\t\t\t\t<\/div>\n\t\t\t\t<\/div>\n\t\t\t\t<\/div>\n\t\t","protected":false},"excerpt":{"rendered":"<p>Photos Myst\u00e8res de la Pelle 2025 Photos \u00e0 venir Photos \u00e0 venir Photos \u00e0 venir<\/p>\n","protected":false},"author":1,"featured_media":0,"parent":0,"menu_order":0,"comment_status":"closed","ping_status":"closed","template":"","meta":{"ub_ctt_via":"","_monsterinsights_skip_tracking":false,"_monsterinsights_sitenote_active":false,"_monsterinsights_sitenote_note":"","_monsterinsights_sitenote_category":0,"footnotes":""},"class_list":["post-2821","page","type-page","status-publish","hentry"],"aioseo_notices":[],"featured_image_src":null,"yoast_head":"<!-- This site is optimized with the Yoast SEO plugin v25.5 - https:\/\/yoast.com\/wordpress\/plugins\/seo\/ -->\n<title>GALERIE 2025 -<\/title>\n<meta name=\"robots\" content=\"index, follow, max-snippet:-1, max-image-preview:large, max-video-preview:-1\" \/>\n<link rel=\"canonical\" href=\"https:\/\/24heuresdelapelle.fr\/?page_id=2821\" \/>\n<meta property=\"og:locale\" content=\"en_US\" \/>\n<meta property=\"og:type\" content=\"article\" \/>\n<meta property=\"og:title\" content=\"GALERIE 2025 -\" \/>\n<meta property=\"og:description\" content=\"Photos Myst\u00e8res de la Pelle 2025 Photos \u00e0 venir Photos \u00e0 venir Photos \u00e0 venir\" \/>\n<meta property=\"og:url\" content=\"https:\/\/24heuresdelapelle.fr\/?page_id=2821\" \/>\n<meta property=\"article:modified_time\" content=\"2026-04-15T17:41:59+00:00\" \/>\n<meta name=\"twitter:card\" content=\"summary_large_image\" \/>\n<script type=\"application\/ld+json\" class=\"yoast-schema-graph\">{\"@context\":\"https:\/\/schema.org\",\"@graph\":[{\"@type\":\"WebPage\",\"@id\":\"https:\/\/24heuresdelapelle.fr\/?page_id=2821\",\"url\":\"https:\/\/24heuresdelapelle.fr\/?page_id=2821\",\"name\":\"GALERIE 2025 -\",\"isPartOf\":{\"@id\":\"https:\/\/24heuresdelapelle.fr\/#website\"},\"datePublished\":\"2026-04-15T15:03:05+00:00\",\"dateModified\":\"2026-04-15T17:41:59+00:00\",\"breadcrumb\":{\"@id\":\"https:\/\/24heuresdelapelle.fr\/?page_id=2821#breadcrumb\"},\"inLanguage\":\"en-US\",\"potentialAction\":[{\"@type\":\"ReadAction\",\"target\":[\"https:\/\/24heuresdelapelle.fr\/?page_id=2821\"]}]},{\"@type\":\"BreadcrumbList\",\"@id\":\"https:\/\/24heuresdelapelle.fr\/?page_id=2821#breadcrumb\",\"itemListElement\":[{\"@type\":\"ListItem\",\"position\":1,\"name\":\"Accueil\",\"item\":\"https:\/\/24heuresdelapelle.fr\/\"},{\"@type\":\"ListItem\",\"position\":2,\"name\":\"GALERIE 2025\"}]},{\"@type\":\"WebSite\",\"@id\":\"https:\/\/24heuresdelapelle.fr\/#website\",\"url\":\"https:\/\/24heuresdelapelle.fr\/\",\"name\":\"\",\"description\":\"\",\"potentialAction\":[{\"@type\":\"SearchAction\",\"target\":{\"@type\":\"EntryPoint\",\"urlTemplate\":\"https:\/\/24heuresdelapelle.fr\/?s={search_term_string}\"},\"query-input\":{\"@type\":\"PropertyValueSpecification\",\"valueRequired\":true,\"valueName\":\"search_term_string\"}}],\"inLanguage\":\"en-US\"}]}<\/script>\n<!-- \/ Yoast SEO plugin. -->","yoast_head_json":{"title":"GALERIE 2025 -","robots":{"index":"index","follow":"follow","max-snippet":"max-snippet:-1","max-image-preview":"max-image-preview:large","max-video-preview":"max-video-preview:-1"},"canonical":"https:\/\/24heuresdelapelle.fr\/?page_id=2821","og_locale":"en_US","og_type":"article","og_title":"GALERIE 2025 -","og_description":"Photos Myst\u00e8res de la Pelle 2025 Photos \u00e0 venir Photos \u00e0 venir Photos \u00e0 venir","og_url":"https:\/\/24heuresdelapelle.fr\/?page_id=2821","article_modified_time":"2026-04-15T17:41:59+00:00","twitter_card":"summary_large_image","schema":{"@context":"https:\/\/schema.org","@graph":[{"@type":"WebPage","@id":"https:\/\/24heuresdelapelle.fr\/?page_id=2821","url":"https:\/\/24heuresdelapelle.fr\/?page_id=2821","name":"GALERIE 2025 -","isPartOf":{"@id":"https:\/\/24heuresdelapelle.fr\/#website"},"datePublished":"2026-04-15T15:03:05+00:00","dateModified":"2026-04-15T17:41:59+00:00","breadcrumb":{"@id":"https:\/\/24heuresdelapelle.fr\/?page_id=2821#breadcrumb"},"inLanguage":"en-US","potentialAction":[{"@type":"ReadAction","target":["https:\/\/24heuresdelapelle.fr\/?page_id=2821"]}]},{"@type":"BreadcrumbList","@id":"https:\/\/24heuresdelapelle.fr\/?page_id=2821#breadcrumb","itemListElement":[{"@type":"ListItem","position":1,"name":"Accueil","item":"https:\/\/24heuresdelapelle.fr\/"},{"@type":"ListItem","position":2,"name":"GALERIE 2025"}]},{"@type":"WebSite","@id":"https:\/\/24heuresdelapelle.fr\/#website","url":"https:\/\/24heuresdelapelle.fr\/","name":"","description":"","potentialAction":[{"@type":"SearchAction","target":{"@type":"EntryPoint","urlTemplate":"https:\/\/24heuresdelapelle.fr\/?s={search_term_string}"},"query-input":{"@type":"PropertyValueSpecification","valueRequired":true,"valueName":"search_term_string"}}],"inLanguage":"en-US"}]}},"jetpack_sharing_enabled":true,"_links":{"self":[{"href":"https:\/\/24heuresdelapelle.fr\/index.php?rest_route=\/wp\/v2\/pages\/2821","targetHints":{"allow":["GET"]}}],"collection":[{"href":"https:\/\/24heuresdelapelle.fr\/index.php?rest_route=\/wp\/v2\/pages"}],"about":[{"href":"https:\/\/24heuresdelapelle.fr\/index.php?rest_route=\/wp\/v2\/types\/page"}],"author":[{"embeddable":true,"href":"https:\/\/24heuresdelapelle.fr\/index.php?rest_route=\/wp\/v2\/users\/1"}],"replies":[{"embeddable":true,"href":"https:\/\/24heuresdelapelle.fr\/index.php?rest_route=%2Fwp%2Fv2%2Fcomments&post=2821"}],"version-history":[{"count":13,"href":"https:\/\/24heuresdelapelle.fr\/index.php?rest_route=\/wp\/v2\/pages\/2821\/revisions"}],"predecessor-version":[{"id":2970,"href":"https:\/\/24heuresdelapelle.fr\/index.php?rest_route=\/wp\/v2\/pages\/2821\/revisions\/2970"}],"wp:attachment":[{"href":"https:\/\/24heuresdelapelle.fr\/index.php?rest_route=%2Fwp%2Fv2%2Fmedia&parent=2821"}],"curies":[{"name":"wp","href":"https:\/\/api.w.org\/{rel}","templated":true}]}}